{"id":1646,"date":"2023-07-18T09:46:47","date_gmt":"2023-07-18T09:46:47","guid":{"rendered":"https:\/\/ccreadysites.cyberchimps.com\/landscaping\/?page_id=13"},"modified":"2026-01-18T15:45:06","modified_gmt":"2026-01-18T14:45:06","slug":"oferta","status":"publish","type":"page","link":"https:\/\/projekt.jdm-drive.pl\/?page_id=1646","title":{"rendered":"Oferta"},"content":{"rendered":"\t\t<div data-elementor-type=\"wp-page\" data-elementor-id=\"1646\" class=\"elementor elementor-1646\" data-elementor-post-type=\"page\">\n\t\t\t\t\t\t<section class=\"elementor-section elementor-top-section elementor-element elementor-element-33aee9b elementor-section-boxed elementor-section-height-default elementor-section-height-default rael-particle-no\" data-id=\"33aee9b\" data-element_type=\"section\" data-settings=\"{&quot;background_background&quot;:&quot;classic&quot;}\">\n\t\t\t\t\t\t<div class=\"elementor-container elementor-column-gap-default\">\n\t\t\t\t\t<div class=\"elementor-column elementor-col-100 elementor-top-column elementor-element elementor-element-b2eb10b rael-particle-no\" data-id=\"b2eb10b\" data-element_type=\"column\">\n\t\t\t<div class=\"elementor-widget-wrap elementor-element-populated\">\n\t\t\t\t\t\t<div class=\"elementor-element elementor-element-8669aa0 elementor-widget elementor-widget-heading\" data-id=\"8669aa0\" data-element_type=\"widget\" data-widget_type=\"heading.default\">\n\t\t\t\t\t<h2 class=\"elementor-heading-title elementor-size-default\">NASZA OFERTA<\/h2>\t\t\t\t<\/div>\n\t\t\t\t<div class=\"elementor-element elementor-element-7787688 elementor-widget elementor-widget-text-editor\" data-id=\"7787688\" data-element_type=\"widget\" data-widget_type=\"text-editor.default\">\n\t\t\t\t\t\t\t\t\t<p>Kompleksowa opieka nad ro\u015blinami dopasowana do ich potrzeb!<\/p>\t\t\t\t\t\t\t\t<\/div>\n\t\t\t\t\t<\/div>\n\t\t<\/div>\n\t\t\t\t\t<\/div>\n\t\t<\/section>\n\t\t\t\t<section class=\"elementor-section elementor-top-section elementor-element elementor-element-d5d4b4b elementor-section-boxed elementor-section-height-default elementor-section-height-default rael-particle-no\" data-id=\"d5d4b4b\" data-element_type=\"section\">\n\t\t\t\t\t\t<div class=\"elementor-container elementor-column-gap-default\">\n\t\t\t\t\t<div class=\"elementor-column elementor-col-50 elementor-top-column elementor-element elementor-element-2ec9be0 rael-particle-no\" data-id=\"2ec9be0\" data-element_type=\"column\">\n\t\t\t<div class=\"elementor-widget-wrap elementor-element-populated\">\n\t\t\t\t\t\t<div class=\"elementor-element elementor-element-a0604ab rael-flip-box-effect-fade elementor-widget__width-initial elementor-widget elementor-widget-rael-flip-box\" data-id=\"a0604ab\" data-element_type=\"widget\" data-widget_type=\"rael-flip-box.default\">\n\t\t\t\t<div class=\"elementor-widget-container\">\n\t\t\t\t\t\t\t<div class=\"rael-flip-box\">\n\t\t\t<div class=\"rael-flip-box-layer rael-flip-box-front\">\n\t\t\t\t<div class=\"rael-flip-box-layer-overlay\">\n\t\t\t\t\t<div class=\"rael-flip-box-layer-inner\">\n\t\t\n\t\t\t\t\t\t\t\t<h3 class=\"rael-flip-box-layer-title\">\n\t\t\t\tProfesjonalna opieka\t\t\t\t\t<\/h3>\n\t\t\t\t\n\t\t\t\t\t\t<\/div>\n\t\t\t<\/div>\n\t\t<\/div>\n\t\t<div class=\"rael-flip-box-layer rael-flip-box-back\">\n\t\t<div class=\"rael-flip-box-layer-overlay\">\n\t\t<div class=\"rael-flip-box-layer-inner\">\n\t\t\n\t\t\t\t<div class=\"rael-flip-box-layer-desc\">\n\t\t\tBezpieczny pobyt ro\u015blin doniczkowych na czas nieobecno\u015bci w\u0142a\u015bcicieli, obejmuj\u0105cy podlewanie, odpowiednie warunki \u015bwietlne oraz sta\u0142e monitorowanie kondycji ro\u015blin.\t\t<\/div>\n\t\t\t\n\t\t\t\t<a class=\"rael-flip-box-button elementor-button elementor-size-sm \" href=\"http:\/\/projekt.jdm-drive.pl\/?page_id=2503\">\n\t\t\tSprawd\u017a cennik\t\t<\/a>\n\t\t\t\t\t<\/div>\n\t\t<\/div>\n\t\t<\/div>\n\t\t<\/div>\n\t\t\t\t\t\t<\/div>\n\t\t\t\t<\/div>\n\t\t\t\t\t<\/div>\n\t\t<\/div>\n\t\t\t\t<div class=\"elementor-column elementor-col-50 elementor-top-column elementor-element elementor-element-bc753c6 rael-particle-no\" data-id=\"bc753c6\" data-element_type=\"column\">\n\t\t\t<div class=\"elementor-widget-wrap elementor-element-populated\">\n\t\t\t\t\t\t<div class=\"elementor-element elementor-element-6a1450e rael-flip-box-effect-fade elementor-widget__width-initial elementor-widget elementor-widget-rael-flip-box\" data-id=\"6a1450e\" data-element_type=\"widget\" data-widget_type=\"rael-flip-box.default\">\n\t\t\t\t<div class=\"elementor-widget-container\">\n\t\t\t\t\t\t\t<div class=\"rael-flip-box\">\n\t\t\t<div class=\"rael-flip-box-layer rael-flip-box-front\">\n\t\t\t\t<div class=\"rael-flip-box-layer-overlay\">\n\t\t\t\t\t<div class=\"rael-flip-box-layer-inner\">\n\t\t\n\t\t\t\t\t\t\t\t<h3 class=\"rael-flip-box-layer-title\">\n\t\t\t\tDoradztwo\t\t\t\t\t<\/h3>\n\t\t\t\t\n\t\t\t\t\t\t<\/div>\n\t\t\t<\/div>\n\t\t<\/div>\n\t\t<div class=\"rael-flip-box-layer rael-flip-box-back\">\n\t\t<div class=\"rael-flip-box-layer-overlay\">\n\t\t<div class=\"rael-flip-box-layer-inner\">\n\t\t\n\t\t\t\t<div class=\"rael-flip-box-layer-desc\">\n\t\t\tIndywidualnie dobrane zabiegi piel\u0119gnacyjne, takie jak nawo\u017cenie, przesadzanie czy przycinanie, zapewniaj\u0105ce zdrowy wzrost i dobr\u0105 kondycj\u0119 ro\u015blin.\t\t<\/div>\n\t\t\t\n\t\t\t\t<a class=\"rael-flip-box-button elementor-button elementor-size-sm \" href=\"http:\/\/projekt.jdm-drive.pl\/?page_id=15\">\n\t\t\tZarezerwuj Pobyt\t\t<\/a>\n\t\t\t\t\t<\/div>\n\t\t<\/div>\n\t\t<\/div>\n\t\t<\/div>\n\t\t\t\t\t\t<\/div>\n\t\t\t\t<\/div>\n\t\t\t\t\t<\/div>\n\t\t<\/div>\n\t\t\t\t\t<\/div>\n\t\t<\/section>\n\t\t\t\t<section class=\"elementor-section elementor-top-section elementor-element elementor-element-0a31f5d elementor-section-boxed elementor-section-height-default elementor-section-height-default rael-particle-no\" data-id=\"0a31f5d\" data-element_type=\"section\" data-settings=\"{&quot;background_background&quot;:&quot;classic&quot;}\">\n\t\t\t\t\t\t\t<div class=\"elementor-background-overlay\"><\/div>\n\t\t\t\t\t\t\t<div class=\"elementor-container elementor-column-gap-default\">\n\t\t\t\t\t<div class=\"elementor-column elementor-col-50 elementor-top-column elementor-element elementor-element-9ec4a32 rael-particle-no\" data-id=\"9ec4a32\" data-element_type=\"column\">\n\t\t\t<div class=\"elementor-widget-wrap elementor-element-populated\">\n\t\t\t\t\t\t<div class=\"elementor-element elementor-element-7f910dd elementor-widget elementor-widget-image\" data-id=\"7f910dd\" data-element_type=\"widget\" data-widget_type=\"image.default\">\n\t\t\t\t\t\t\t\t\t\t\t\t\t\t\t<img decoding=\"async\" width=\"100\" height=\"100\" src=\"https:\/\/projekt.jdm-drive.pl\/wp-content\/uploads\/2026\/01\/hugeicons_plant-01.png\" class=\"attachment-full size-full wp-image-2339\" alt=\"\" \/>\t\t\t\t\t\t\t\t\t\t\t\t\t\t\t<\/div>\n\t\t\t\t<div class=\"elementor-element elementor-element-96ce78e elementor-widget elementor-widget-heading\" data-id=\"96ce78e\" data-element_type=\"widget\" data-widget_type=\"heading.default\">\n\t\t\t\t\t<h2 class=\"elementor-heading-title elementor-size-default\">Daj ro\u015blinom najlepsz\u0105 opiek\u0119 podczas swojej nieobecno\u015b\u0107i!<\/h2>\t\t\t\t<\/div>\n\t\t\t\t<div class=\"elementor-element elementor-element-2ffdd58 elementor-mobile-align-center elementor-widget elementor-widget-button\" data-id=\"2ffdd58\" data-element_type=\"widget\" data-widget_type=\"button.default\">\n\t\t\t\t\t\t\t\t\t\t<a class=\"elementor-button elementor-button-link elementor-size-sm\" href=\"http:\/\/projekt.jdm-drive.pl\/?page_id=15\">\n\t\t\t\t\t\t<span class=\"elementor-button-content-wrapper\">\n\t\t\t\t\t\t\t\t\t<span class=\"elementor-button-text\">Zarezerwuj Pobyt<\/span>\n\t\t\t\t\t<\/span>\n\t\t\t\t\t<\/a>\n\t\t\t\t\t\t\t\t<\/div>\n\t\t\t\t\t<\/div>\n\t\t<\/div>\n\t\t\t\t<div class=\"elementor-column elementor-col-50 elementor-top-column elementor-element elementor-element-592945c rael-particle-no\" data-id=\"592945c\" data-element_type=\"column\">\n\t\t\t<div class=\"elementor-widget-wrap\">\n\t\t\t\t\t\t\t<\/div>\n\t\t<\/div>\n\t\t\t\t\t<\/div>\n\t\t<\/section>\n\t\t\t\t<section class=\"elementor-section elementor-top-section elementor-element elementor-element-5e08ae5 elementor-section-boxed elementor-section-height-default elementor-section-height-default rael-particle-no\" data-id=\"5e08ae5\" data-element_type=\"section\" data-settings=\"{&quot;background_background&quot;:&quot;classic&quot;}\">\n\t\t\t\t\t\t<div class=\"elementor-container elementor-column-gap-default\">\n\t\t\t\t\t<div class=\"elementor-column elementor-col-100 elementor-top-column elementor-element elementor-element-0b85b47 rael-particle-no\" data-id=\"0b85b47\" data-element_type=\"column\">\n\t\t\t<div class=\"elementor-widget-wrap elementor-element-populated\">\n\t\t\t\t\t\t<div class=\"elementor-element elementor-element-20eceee elementor-widget__width-initial elementor-widget elementor-widget-heading\" data-id=\"20eceee\" data-element_type=\"widget\" data-widget_type=\"heading.default\">\n\t\t\t\t\t<p class=\"elementor-heading-title elementor-size-default\">Dlaczego warto nas wybra\u0107?<\/p>\t\t\t\t<\/div>\n\t\t\t\t<div class=\"elementor-element elementor-element-e90ed98 elementor-widget elementor-widget-heading\" data-id=\"e90ed98\" data-element_type=\"widget\" data-widget_type=\"heading.default\">\n\t\t\t\t\t<h2 class=\"elementor-heading-title elementor-size-default\">Twoje ro\u015bliny zas\u0142uguj\u0105 na najlepsz\u0105 opiek\u0119<\/h2>\t\t\t\t<\/div>\n\t\t\t\t<div class=\"elementor-element elementor-element-7e1de96 elementor-widget__width-initial elementor-widget elementor-widget-text-editor\" data-id=\"7e1de96\" data-element_type=\"widget\" data-widget_type=\"text-editor.default\">\n\t\t\t\t\t\t\t\t\t<p>Nie tylko zapewniamy profesjonaln\u0105 opiek\u0119 nad ro\u015blinami, ale tak\u017ce dajemy Ci spok\u00f3j, poczucie bezpiecze\u0144stwa i pewno\u015b\u0107, \u017ce Twoja ziele\u0144 jest w dobrych r\u0119kach. Dzia\u0142amy z trosk\u0105, odpowiedzialno\u015bci\u0105 i pe\u0142nym zaanga\u017cowaniem, dbaj\u0105c o ka\u017cd\u0105 ro\u015blin\u0119 tak, jak o w\u0142asn\u0105. To w\u0142a\u015bnie te warto\u015bci kieruj\u0105 nami w codziennej pracy i buduj\u0105 d\u0142ugofalowe relacje z naszymi klientami.<\/p>\t\t\t\t\t\t\t\t<\/div>\n\t\t\t\t\t<\/div>\n\t\t<\/div>\n\t\t\t\t\t<\/div>\n\t\t<\/section>\n\t\t\t\t<section class=\"elementor-section elementor-top-section elementor-element elementor-element-0966b46 elementor-section-boxed elementor-section-height-default elementor-section-height-default rael-particle-no\" data-id=\"0966b46\" data-element_type=\"section\" data-settings=\"{&quot;background_background&quot;:&quot;classic&quot;}\">\n\t\t\t\t\t\t<div class=\"elementor-container elementor-column-gap-default\">\n\t\t\t\t\t<div class=\"elementor-column elementor-col-50 elementor-top-column elementor-element elementor-element-d649320 rael-particle-no\" data-id=\"d649320\" data-element_type=\"column\" data-settings=\"{&quot;background_background&quot;:&quot;classic&quot;}\">\n\t\t\t<div class=\"elementor-widget-wrap elementor-element-populated\">\n\t\t\t\t\t\t<div class=\"elementor-element elementor-element-1dde345 elementor-widget elementor-widget-heading\" data-id=\"1dde345\" data-element_type=\"widget\" data-widget_type=\"heading.default\">\n\t\t\t\t\t<h2 class=\"elementor-heading-title elementor-size-default\">Nasze zaanga\u017cowanie wykracza poza ro\u015bliny - tworzymy spo\u0142eczno\u015b\u0107.<\/h2>\t\t\t\t<\/div>\n\t\t\t\t<div class=\"elementor-element elementor-element-94035f1 elementor-align-left elementor-widget elementor-widget-button\" data-id=\"94035f1\" data-element_type=\"widget\" data-widget_type=\"button.default\">\n\t\t\t\t\t\t\t\t\t\t<a class=\"elementor-button elementor-button-link elementor-size-sm\" href=\"#\">\n\t\t\t\t\t\t<span class=\"elementor-button-content-wrapper\">\n\t\t\t\t\t\t\t\t\t<span class=\"elementor-button-text\">Do\u0142\u0105cz teraz!<\/span>\n\t\t\t\t\t<\/span>\n\t\t\t\t\t<\/a>\n\t\t\t\t\t\t\t\t<\/div>\n\t\t\t\t\t<\/div>\n\t\t<\/div>\n\t\t\t\t<div class=\"elementor-column elementor-col-50 elementor-top-column elementor-element elementor-element-b5cc436 rael-particle-no\" data-id=\"b5cc436\" data-element_type=\"column\">\n\t\t\t<div class=\"elementor-widget-wrap elementor-element-populated\">\n\t\t\t\t\t\t<section class=\"elementor-section elementor-inner-section elementor-element elementor-element-a229428 elementor-section-full_width elementor-section-height-default elementor-section-height-default rael-particle-no\" data-id=\"a229428\" data-element_type=\"section\">\n\t\t\t\t\t\t<div class=\"elementor-container elementor-column-gap-default\">\n\t\t\t\t\t<div class=\"elementor-column elementor-col-50 elementor-inner-column elementor-element elementor-element-534e257 rael-particle-no\" data-id=\"534e257\" data-element_type=\"column\">\n\t\t\t<div class=\"elementor-widget-wrap elementor-element-populated\">\n\t\t\t\t\t\t<section class=\"elementor-section elementor-inner-section elementor-element elementor-element-9cc298d elementor-section-full_width elementor-section-height-default elementor-section-height-default rael-particle-no\" data-id=\"9cc298d\" data-element_type=\"section\">\n\t\t\t\t\t\t<div class=\"elementor-container elementor-column-gap-default\">\n\t\t\t\t\t<div class=\"elementor-column elementor-col-100 elementor-inner-column elementor-element elementor-element-35e2bbf rael-particle-no\" data-id=\"35e2bbf\" data-element_type=\"column\" data-settings=\"{&quot;background_background&quot;:&quot;classic&quot;}\">\n\t\t\t<div class=\"elementor-widget-wrap elementor-element-populated\">\n\t\t\t\t\t\t<div class=\"elementor-element elementor-element-ef0f69a elementor-widget elementor-widget-heading\" data-id=\"ef0f69a\" data-element_type=\"widget\" data-widget_type=\"heading.default\">\n\t\t\t\t\t<h2 class=\"elementor-heading-title elementor-size-default\">Indywidualne podej\u015bcie<\/h2>\t\t\t\t<\/div>\n\t\t\t\t<div class=\"elementor-element elementor-element-cfb46b7 elementor-widget elementor-widget-text-editor\" data-id=\"cfb46b7\" data-element_type=\"widget\" data-widget_type=\"text-editor.default\">\n\t\t\t\t\t\t\t\t\t<p>Cen\u0119 dopasowujemy indywidualnie wed\u0142ug potrzeb Twoich i Twojej ro\u015bliny.<\/p>\t\t\t\t\t\t\t\t<\/div>\n\t\t\t\t\t<\/div>\n\t\t<\/div>\n\t\t\t\t\t<\/div>\n\t\t<\/section>\n\t\t\t\t\t<\/div>\n\t\t<\/div>\n\t\t\t\t<div class=\"elementor-column elementor-col-50 elementor-inner-column elementor-element elementor-element-1e62492 rael-particle-no\" data-id=\"1e62492\" data-element_type=\"column\">\n\t\t\t<div class=\"elementor-widget-wrap elementor-element-populated\">\n\t\t\t\t\t\t<section class=\"elementor-section elementor-inner-section elementor-element elementor-element-6c9fffe elementor-section-full_width elementor-section-height-default elementor-section-height-default rael-particle-no\" data-id=\"6c9fffe\" data-element_type=\"section\">\n\t\t\t\t\t\t<div class=\"elementor-container elementor-column-gap-default\">\n\t\t\t\t\t<div class=\"elementor-column elementor-col-100 elementor-inner-column elementor-element elementor-element-1c9efad rael-particle-no\" data-id=\"1c9efad\" data-element_type=\"column\" data-settings=\"{&quot;background_background&quot;:&quot;classic&quot;}\">\n\t\t\t<div class=\"elementor-widget-wrap elementor-element-populated\">\n\t\t\t\t\t\t<div class=\"elementor-element elementor-element-0fc2e6f elementor-widget elementor-widget-heading\" data-id=\"0fc2e6f\" data-element_type=\"widget\" data-widget_type=\"heading.default\">\n\t\t\t\t\t<h2 class=\"elementor-heading-title elementor-size-default\">Spok\u00f3j i pewno\u015b\u0107<\/h2>\t\t\t\t<\/div>\n\t\t\t\t<div class=\"elementor-element elementor-element-3443444 elementor-widget elementor-widget-text-editor\" data-id=\"3443444\" data-element_type=\"widget\" data-widget_type=\"text-editor.default\">\n\t\t\t\t\t\t\t\t\t<p>Wyje\u017cd\u017casz bez stresu, maj\u0105c pewno\u015b\u0107, \u017ce Twoje ro\u015bliny s\u0105 pod sta\u0142\u0105 kontrol\u0105.<\/p>\t\t\t\t\t\t\t\t<\/div>\n\t\t\t\t\t<\/div>\n\t\t<\/div>\n\t\t\t\t\t<\/div>\n\t\t<\/section>\n\t\t\t\t\t<\/div>\n\t\t<\/div>\n\t\t\t\t\t<\/div>\n\t\t<\/section>\n\t\t\t\t<section class=\"elementor-section elementor-inner-section elementor-element elementor-element-c852609 elementor-section-full_width elementor-section-height-default elementor-section-height-default rael-particle-no\" data-id=\"c852609\" data-element_type=\"section\">\n\t\t\t\t\t\t<div class=\"elementor-container elementor-column-gap-default\">\n\t\t\t\t\t<div class=\"elementor-column elementor-col-50 elementor-inner-column elementor-element elementor-element-c6522bf rael-particle-no\" data-id=\"c6522bf\" data-element_type=\"column\">\n\t\t\t<div class=\"elementor-widget-wrap elementor-element-populated\">\n\t\t\t\t\t\t<section class=\"elementor-section elementor-inner-section elementor-element elementor-element-b89f22b elementor-section-boxed elementor-section-height-default elementor-section-height-default rael-particle-no\" data-id=\"b89f22b\" data-element_type=\"section\">\n\t\t\t\t\t\t<div class=\"elementor-container elementor-column-gap-default\">\n\t\t\t\t\t<div class=\"elementor-column elementor-col-100 elementor-inner-column elementor-element elementor-element-445a687 rael-particle-no\" data-id=\"445a687\" data-element_type=\"column\" data-settings=\"{&quot;background_background&quot;:&quot;classic&quot;}\">\n\t\t\t<div class=\"elementor-widget-wrap elementor-element-populated\">\n\t\t\t\t\t\t<div class=\"elementor-element elementor-element-59f3874 elementor-widget elementor-widget-heading\" data-id=\"59f3874\" data-element_type=\"widget\" data-widget_type=\"heading.default\">\n\t\t\t\t\t<h2 class=\"elementor-heading-title elementor-size-default\">Najwy\u017csza jako\u015b\u0107<\/h2>\t\t\t\t<\/div>\n\t\t\t\t<div class=\"elementor-element elementor-element-eac7c3e elementor-widget elementor-widget-text-editor\" data-id=\"eac7c3e\" data-element_type=\"widget\" data-widget_type=\"text-editor.default\">\n\t\t\t\t\t\t\t\t\t<p>Korzystamy tylko z sprawdzonych produkt\u00f3w, kt\u00f3re dost\u0119pne s\u0105 r\u00f3wnie\u017c w naszym sklepie.<\/p>\t\t\t\t\t\t\t\t<\/div>\n\t\t\t\t\t<\/div>\n\t\t<\/div>\n\t\t\t\t\t<\/div>\n\t\t<\/section>\n\t\t\t\t\t<\/div>\n\t\t<\/div>\n\t\t\t\t<div class=\"elementor-column elementor-col-50 elementor-inner-column elementor-element elementor-element-f3fbd82 rael-particle-no\" data-id=\"f3fbd82\" data-element_type=\"column\">\n\t\t\t<div class=\"elementor-widget-wrap elementor-element-populated\">\n\t\t\t\t\t\t<section class=\"elementor-section elementor-inner-section elementor-element elementor-element-530877a elementor-section-full_width elementor-section-height-default elementor-section-height-default rael-particle-no\" data-id=\"530877a\" data-element_type=\"section\">\n\t\t\t\t\t\t<div class=\"elementor-container elementor-column-gap-default\">\n\t\t\t\t\t<div class=\"elementor-column elementor-col-100 elementor-inner-column elementor-element elementor-element-7a326f1 rael-particle-no\" data-id=\"7a326f1\" data-element_type=\"column\">\n\t\t\t<div class=\"elementor-widget-wrap elementor-element-populated\">\n\t\t\t\t\t\t<section class=\"elementor-section elementor-inner-section elementor-element elementor-element-f620e7f elementor-section-boxed elementor-section-height-default elementor-section-height-default rael-particle-no\" data-id=\"f620e7f\" data-element_type=\"section\">\n\t\t\t\t\t\t<div class=\"elementor-container elementor-column-gap-default\">\n\t\t\t\t\t<div class=\"elementor-column elementor-col-100 elementor-inner-column elementor-element elementor-element-be80ec6 rael-particle-no\" data-id=\"be80ec6\" data-element_type=\"column\" data-settings=\"{&quot;background_background&quot;:&quot;classic&quot;}\">\n\t\t\t<div class=\"elementor-widget-wrap elementor-element-populated\">\n\t\t\t\t\t\t<div class=\"elementor-element elementor-element-dc73a52 elementor-widget elementor-widget-heading\" data-id=\"dc73a52\" data-element_type=\"widget\" data-widget_type=\"heading.default\">\n\t\t\t\t\t<h2 class=\"elementor-heading-title elementor-size-default\">Bezpieczne warunki pobytu<\/h2>\t\t\t\t<\/div>\n\t\t\t\t<div class=\"elementor-element elementor-element-4ce2245 elementor-widget elementor-widget-text-editor\" data-id=\"4ce2245\" data-element_type=\"widget\" data-widget_type=\"text-editor.default\">\n\t\t\t\t\t\t\t\t\t<p>Zapewniamy odpowiednie \u015bwiat\u0142o, wilgotno\u015b\u0107 i stabilne warunki, idealne dla ro\u015blin doniczkowych.<\/p>\t\t\t\t\t\t\t\t<\/div>\n\t\t\t\t\t<\/div>\n\t\t<\/div>\n\t\t\t\t\t<\/div>\n\t\t<\/section>\n\t\t\t\t\t<\/div>\n\t\t<\/div>\n\t\t\t\t\t<\/div>\n\t\t<\/section>\n\t\t\t\t\t<\/div>\n\t\t<\/div>\n\t\t\t\t\t<\/div>\n\t\t<\/section>\n\t\t\t\t\t<\/div>\n\t\t<\/div>\n\t\t\t\t\t<\/div>\n\t\t<\/section>\n\t\t\t\t<\/div>\n\t\t","protected":false},"excerpt":{"rendered":"<p>NASZA OFERTA Kompleksowa opieka nad ro\u015blinami dopasowana do ich potrzeb! Profesjonalna opieka Bezpieczny pobyt ro\u015blin doniczkowych na czas nieobecno\u015bci w\u0142a\u015bcicieli, obejmuj\u0105cy podlewanie, odpowiednie warunki \u015bwietlne oraz sta\u0142e monitorowanie kondycji ro\u015blin. Sprawd\u017a cennik Doradztwo Indywidualnie dobrane zabiegi piel\u0119gnacyjne, takie jak nawo\u017cenie, &hellip;<\/p>\n<p class=\"read-more\"> <a class=\"more-link\" href=\"https:\/\/projekt.jdm-drive.pl\/?page_id=1646\"> <span class=\"screen-reader-text\">Oferta<\/span> Czytaj wi\u0119cej  &raquo;<\/a><\/p>\n","protected":false},"author":1,"featured_media":0,"parent":0,"menu_order":0,"comment_status":"closed","ping_status":"closed","template":"elementor_header_footer","meta":{"footnotes":""},"class_list":["post-1646","page","type-page","status-publish","hentry"],"featured_image_src":"","featured_image_src_square":false,"rbea_author_info":{"display_name":"admin","author_link":"https:\/\/projekt.jdm-drive.pl\/?author=1"},"rbea_excerpt_info":"NASZA OFERTA Kompleksowa opieka nad ro\u015blinami dopasowana do ich potrzeb! Profesjonalna opieka Bezpieczny pobyt ro\u015blin doniczkowych na czas nieobecno\u015bci w\u0142a\u015bcicieli, obejmuj\u0105cy podlewanie, odpowiednie warunki \u015bwietlne oraz sta\u0142e monitorowanie kondycji ro\u015blin. Sprawd\u017a cennik Doradztwo Indywidualnie dobrane zabiegi piel\u0119gnacyjne, takie jak nawo\u017cenie, &hellip;<p class=\"read-more\"> <a class=\"more-link\" href=\"https:\/\/projekt.jdm-drive.pl\/?page_id=1646\"> <span class=\"screen-reader-text\">Oferta<\/span> Czytaj wi\u0119cej  &raquo;<\/a><\/p>","_links":{"self":[{"href":"https:\/\/projekt.jdm-drive.pl\/index.php?rest_route=\/wp\/v2\/pages\/1646","targetHints":{"allow":["GET"]}}],"collection":[{"href":"https:\/\/projekt.jdm-drive.pl\/index.php?rest_route=\/wp\/v2\/pages"}],"about":[{"href":"https:\/\/projekt.jdm-drive.pl\/index.php?rest_route=\/wp\/v2\/types\/page"}],"author":[{"embeddable":true,"href":"https:\/\/projekt.jdm-drive.pl\/index.php?rest_route=\/wp\/v2\/users\/1"}],"replies":[{"embeddable":true,"href":"https:\/\/projekt.jdm-drive.pl\/index.php?rest_route=%2Fwp%2Fv2%2Fcomments&post=1646"}],"version-history":[{"count":23,"href":"https:\/\/projekt.jdm-drive.pl\/index.php?rest_route=\/wp\/v2\/pages\/1646\/revisions"}],"predecessor-version":[{"id":2523,"href":"https:\/\/projekt.jdm-drive.pl\/index.php?rest_route=\/wp\/v2\/pages\/1646\/revisions\/2523"}],"wp:attachment":[{"href":"https:\/\/projekt.jdm-drive.pl\/index.php?rest_route=%2Fwp%2Fv2%2Fmedia&parent=1646"}],"curies":[{"name":"wp","href":"https:\/\/api.w.org\/{rel}","templated":true}]}}