{"id":1644,"date":"2023-07-18T09:46:09","date_gmt":"2023-07-18T09:46:09","guid":{"rendered":"https:\/\/ccreadysites.cyberchimps.com\/landscaping\/?page_id=9"},"modified":"2026-01-18T15:44:39","modified_gmt":"2026-01-18T14:44:39","slug":"about-us","status":"publish","type":"page","link":"https:\/\/projekt.jdm-drive.pl\/?page_id=1644","title":{"rendered":"O nas"},"content":{"rendered":"\t\t<div data-elementor-type=\"wp-page\" data-elementor-id=\"1644\" class=\"elementor elementor-1644\" data-elementor-post-type=\"page\">\n\t\t\t\t\t\t<section class=\"elementor-section elementor-top-section elementor-element elementor-element-4c57bb6 elementor-section-boxed elementor-section-height-default elementor-section-height-default rael-particle-no\" data-id=\"4c57bb6\" data-element_type=\"section\" data-settings=\"{&quot;background_background&quot;:&quot;classic&quot;}\">\n\t\t\t\t\t\t<div class=\"elementor-container elementor-column-gap-default\">\n\t\t\t\t\t<div class=\"elementor-column elementor-col-100 elementor-top-column elementor-element elementor-element-d2d354e rael-particle-no\" data-id=\"d2d354e\" data-element_type=\"column\">\n\t\t\t<div class=\"elementor-widget-wrap elementor-element-populated\">\n\t\t\t\t\t\t<div class=\"elementor-element elementor-element-183aa10 elementor-widget elementor-widget-heading\" data-id=\"183aa10\" data-element_type=\"widget\" data-widget_type=\"heading.default\">\n\t\t\t\t\t<h2 class=\"elementor-heading-title elementor-size-default\">O nas<\/h2>\t\t\t\t<\/div>\n\t\t\t\t<div class=\"elementor-element elementor-element-8c0bd28 elementor-widget elementor-widget-text-editor\" data-id=\"8c0bd28\" data-element_type=\"widget\" data-widget_type=\"text-editor.default\">\n\t\t\t\t\t\t\t\t\t<p>Hotel dla ro\u015blin, kt\u00f3ry powsta\u0142 z pasji.<\/p>\t\t\t\t\t\t\t\t<\/div>\n\t\t\t\t\t<\/div>\n\t\t<\/div>\n\t\t\t\t\t<\/div>\n\t\t<\/section>\n\t\t\t\t<section class=\"elementor-section elementor-top-section elementor-element elementor-element-2894e6a elementor-section-boxed elementor-section-height-default elementor-section-height-default rael-particle-no\" data-id=\"2894e6a\" data-element_type=\"section\">\n\t\t\t\t\t\t<div class=\"elementor-container elementor-column-gap-default\">\n\t\t\t\t\t<div class=\"elementor-column elementor-col-50 elementor-top-column elementor-element elementor-element-e8e1506 rael-particle-no\" data-id=\"e8e1506\" data-element_type=\"column\">\n\t\t\t<div class=\"elementor-widget-wrap elementor-element-populated\">\n\t\t\t\t\t\t<div class=\"elementor-element elementor-element-c8ed5e1 elementor-widget__width-auto elementor-widget elementor-widget-heading\" data-id=\"c8ed5e1\" data-element_type=\"widget\" data-widget_type=\"heading.default\">\n\t\t\t\t\t<p class=\"elementor-heading-title elementor-size-default\">Nasza Historia<\/p>\t\t\t\t<\/div>\n\t\t\t\t<div class=\"elementor-element elementor-element-12c2586 rael-dual-header-content-align-left elementor-widget elementor-widget-rael_dual_color_header\" data-id=\"12c2586\" data-element_type=\"widget\" data-widget_type=\"rael_dual_color_header.default\">\n\t\t\t\t<div class=\"elementor-widget-container\">\n\t\t\t\t\t\n\t\t\n\t\t\n\t\t\n\t\t\n\t\t\t\t\t<div class=\"rael-dual-color-header\">\n\t\t\t\t\t\t\t\t<h2 class=\"title\">\n\t\t\t\t\t<span style=\"\" class=\"lead solid-color\">\n\t\t\t\t\t\tPoniewa\u017c\t\t\t\t\t<\/span>\n\t\t\t\t\t<span>Miejska D\u017cungla nam nie straszna<\/span>\n\t\t\t\t<\/h2>\n\t\t\t\t\t\t\t\t<span class=\"subtext\"><\/span>\n\t\t\t\t\t\t\t<\/div>\n\t\t\n\n\t\t\t\t\t\t<\/div>\n\t\t\t\t<\/div>\n\t\t\t\t<div class=\"elementor-element elementor-element-660cf77 elementor-widget elementor-widget-text-editor\" data-id=\"660cf77\" data-element_type=\"widget\" data-widget_type=\"text-editor.default\">\n\t\t\t\t\t\t\t\t\t<p>Urban Jungle to hotel dla ro\u015blin, kt\u00f3ry powsta\u0142 z pasji do zieleni i potrzeby zapewnienia ro\u015blinom bezpiecznej opieki podczas wyjazd\u00f3w w\u0142a\u015bcicieli. Zauwa\u017cyli\u015bmy, jak cz\u0119sto brak odpowiedniej piel\u0119gnacji wp\u0142ywa na kondycj\u0119 ro\u015blin doniczkowych, dlatego stworzyli\u015bmy miejsce oferuj\u0105ce profesjonaln\u0105 opiek\u0119 nad ro\u015blinami. Od pocz\u0105tku stawiamy na indywidualne podej\u015bcie, odpowiednie warunki i sta\u0142e monitorowanie stanu ro\u015blin. Dzi\u0119ki temu Urban Jungle sta\u0142o si\u0119 zaufanym wyborem dla os\u00f3b szukaj\u0105cych opieki nad ro\u015blinami podczas nieobecno\u015bci. Dzi\u015b nieustannie rozwijamy nasz hotel dla ro\u015blin, zapewniaj\u0105c im drugi, bezpieczny dom.<\/p>\t\t\t\t\t\t\t\t<\/div>\n\t\t\t\t<div class=\"elementor-element elementor-element-cfd1c97 elementor-mobile-align-left elementor-widget elementor-widget-button\" data-id=\"cfd1c97\" data-element_type=\"widget\" data-widget_type=\"button.default\">\n\t\t\t\t\t\t\t\t\t\t<a class=\"elementor-button elementor-button-link elementor-size-sm\" href=\"http:\/\/projekt.jdm-drive.pl\/?page_id=15\">\n\t\t\t\t\t\t<span class=\"elementor-button-content-wrapper\">\n\t\t\t\t\t\t\t\t\t<span class=\"elementor-button-text\">Zarezerwuj pobyt<\/span>\n\t\t\t\t\t<\/span>\n\t\t\t\t\t<\/a>\n\t\t\t\t\t\t\t\t<\/div>\n\t\t\t\t\t<\/div>\n\t\t<\/div>\n\t\t\t\t<div class=\"elementor-column elementor-col-50 elementor-top-column elementor-element elementor-element-3550273 rael-particle-no\" data-id=\"3550273\" data-element_type=\"column\">\n\t\t\t<div class=\"elementor-widget-wrap elementor-element-populated\">\n\t\t\t\t\t\t<section class=\"elementor-section elementor-inner-section elementor-element elementor-element-a0fec6b elementor-section-full_width elementor-section-height-default elementor-section-height-default rael-particle-no\" data-id=\"a0fec6b\" data-element_type=\"section\">\n\t\t\t\t\t\t<div class=\"elementor-container elementor-column-gap-default\">\n\t\t\t\t\t<div class=\"elementor-column elementor-col-50 elementor-inner-column elementor-element elementor-element-3853f75 rael-particle-no\" data-id=\"3853f75\" data-element_type=\"column\" data-settings=\"{&quot;background_background&quot;:&quot;classic&quot;}\">\n\t\t\t<div class=\"elementor-widget-wrap elementor-element-populated\">\n\t\t\t\t\t\t<div class=\"elementor-element elementor-element-0c9aa72 elementor-widget elementor-widget-image\" data-id=\"0c9aa72\" data-element_type=\"widget\" data-widget_type=\"image.default\">\n\t\t\t\t\t\t\t\t\t\t\t\t\t\t\t<img fetchpriority=\"high\" decoding=\"async\" width=\"500\" height=\"666\" src=\"https:\/\/projekt.jdm-drive.pl\/wp-content\/uploads\/2026\/01\/optimized-image-93.jpg\" class=\"attachment-full size-full wp-image-2343\" alt=\"\" srcset=\"https:\/\/projekt.jdm-drive.pl\/wp-content\/uploads\/2026\/01\/optimized-image-93.jpg 500w, https:\/\/projekt.jdm-drive.pl\/wp-content\/uploads\/2026\/01\/optimized-image-93-225x300.jpg 225w, https:\/\/projekt.jdm-drive.pl\/wp-content\/uploads\/2026\/01\/optimized-image-93-100x133.jpg 100w, https:\/\/projekt.jdm-drive.pl\/wp-content\/uploads\/2026\/01\/optimized-image-93-150x200.jpg 150w, https:\/\/projekt.jdm-drive.pl\/wp-content\/uploads\/2026\/01\/optimized-image-93-200x266.jpg 200w, https:\/\/projekt.jdm-drive.pl\/wp-content\/uploads\/2026\/01\/optimized-image-93-300x400.jpg 300w, https:\/\/projekt.jdm-drive.pl\/wp-content\/uploads\/2026\/01\/optimized-image-93-450x599.jpg 450w\" sizes=\"(max-width: 500px) 100vw, 500px\" \/>\t\t\t\t\t\t\t\t\t\t\t\t\t\t\t<\/div>\n\t\t\t\t<div class=\"elementor-element elementor-element-95cb9d4 elementor-position-left elementor-vertical-align-top elementor-widget elementor-widget-image-box\" data-id=\"95cb9d4\" data-element_type=\"widget\" data-widget_type=\"image-box.default\">\n\t\t\t\t\t<div class=\"elementor-image-box-wrapper\"><figure class=\"elementor-image-box-img\"><img decoding=\"async\" width=\"100\" height=\"100\" src=\"https:\/\/projekt.jdm-drive.pl\/wp-content\/uploads\/2026\/01\/hugeicons_plant-01.png\" class=\"attachment-full size-full wp-image-2339\" alt=\"\" \/><\/figure><div class=\"elementor-image-box-content\"><h3 class=\"elementor-image-box-title\">550+<\/h3><p class=\"elementor-image-box-description\">Ro\u015blin, o kt\u00f3re zadbali\u015bmy<\/p><\/div><\/div>\t\t\t\t<\/div>\n\t\t\t\t\t<\/div>\n\t\t<\/div>\n\t\t\t\t<div class=\"elementor-column elementor-col-50 elementor-inner-column elementor-element elementor-element-2e38716 rael-particle-no\" data-id=\"2e38716\" data-element_type=\"column\">\n\t\t\t<div class=\"elementor-widget-wrap elementor-element-populated\">\n\t\t\t\t\t\t<div class=\"elementor-element elementor-element-fdc5188 elementor-position-left elementor-vertical-align-top elementor-widget elementor-widget-image-box\" data-id=\"fdc5188\" data-element_type=\"widget\" data-widget_type=\"image-box.default\">\n\t\t\t\t\t<div class=\"elementor-image-box-wrapper\"><figure class=\"elementor-image-box-img\"><img decoding=\"async\" width=\"100\" height=\"100\" src=\"https:\/\/projekt.jdm-drive.pl\/wp-content\/uploads\/2026\/01\/Group_light1.png\" class=\"attachment-full size-full wp-image-2344\" alt=\"\" \/><\/figure><div class=\"elementor-image-box-content\"><h3 class=\"elementor-image-box-title\">850+<\/h3><p class=\"elementor-image-box-description\">Zadowolonych klient\u00f3w<\/p><\/div><\/div>\t\t\t\t<\/div>\n\t\t\t\t<div class=\"elementor-element elementor-element-4e93453 elementor-widget elementor-widget-image\" data-id=\"4e93453\" data-element_type=\"widget\" data-widget_type=\"image.default\">\n\t\t\t\t\t\t\t\t\t\t\t\t\t\t\t<img loading=\"lazy\" decoding=\"async\" width=\"500\" height=\"666\" src=\"https:\/\/projekt.jdm-drive.pl\/wp-content\/uploads\/2026\/01\/optimized-image-94.jpg\" class=\"attachment-full size-full wp-image-2345\" alt=\"\" srcset=\"https:\/\/projekt.jdm-drive.pl\/wp-content\/uploads\/2026\/01\/optimized-image-94.jpg 500w, https:\/\/projekt.jdm-drive.pl\/wp-content\/uploads\/2026\/01\/optimized-image-94-225x300.jpg 225w, https:\/\/projekt.jdm-drive.pl\/wp-content\/uploads\/2026\/01\/optimized-image-94-100x133.jpg 100w, https:\/\/projekt.jdm-drive.pl\/wp-content\/uploads\/2026\/01\/optimized-image-94-150x200.jpg 150w, https:\/\/projekt.jdm-drive.pl\/wp-content\/uploads\/2026\/01\/optimized-image-94-200x266.jpg 200w, https:\/\/projekt.jdm-drive.pl\/wp-content\/uploads\/2026\/01\/optimized-image-94-300x400.jpg 300w, https:\/\/projekt.jdm-drive.pl\/wp-content\/uploads\/2026\/01\/optimized-image-94-450x599.jpg 450w\" sizes=\"(max-width: 500px) 100vw, 500px\" \/>\t\t\t\t\t\t\t\t\t\t\t\t\t\t\t<\/div>\n\t\t\t\t\t<\/div>\n\t\t<\/div>\n\t\t\t\t\t<\/div>\n\t\t<\/section>\n\t\t\t\t\t<\/div>\n\t\t<\/div>\n\t\t\t\t\t<\/div>\n\t\t<\/section>\n\t\t\t\t<section class=\"elementor-section elementor-top-section elementor-element elementor-element-6f7e9d0 elementor-section-boxed elementor-section-height-default elementor-section-height-default rael-particle-no\" data-id=\"6f7e9d0\" data-element_type=\"section\" data-settings=\"{&quot;background_background&quot;:&quot;classic&quot;}\">\n\t\t\t\t\t\t<div class=\"elementor-container elementor-column-gap-wide\">\n\t\t\t\t\t<div class=\"elementor-column elementor-col-50 elementor-top-column elementor-element elementor-element-1b6cff4 rael-particle-no\" data-id=\"1b6cff4\" data-element_type=\"column\">\n\t\t\t<div class=\"elementor-widget-wrap elementor-element-populated\">\n\t\t\t\t\t\t<div class=\"elementor-element elementor-element-3cc05d7 elementor-widget elementor-widget-image\" data-id=\"3cc05d7\" data-element_type=\"widget\" data-widget_type=\"image.default\">\n\t\t\t\t\t\t\t\t\t\t\t\t\t\t\t<img loading=\"lazy\" decoding=\"async\" width=\"664\" height=\"473\" src=\"https:\/\/projekt.jdm-drive.pl\/wp-content\/uploads\/2026\/01\/optimized-image-3.jpg\" class=\"attachment-full size-full wp-image-2346\" alt=\"\" srcset=\"https:\/\/projekt.jdm-drive.pl\/wp-content\/uploads\/2026\/01\/optimized-image-3.jpg 664w, https:\/\/projekt.jdm-drive.pl\/wp-content\/uploads\/2026\/01\/optimized-image-3-300x214.jpg 300w, https:\/\/projekt.jdm-drive.pl\/wp-content\/uploads\/2026\/01\/optimized-image-3-100x71.jpg 100w, https:\/\/projekt.jdm-drive.pl\/wp-content\/uploads\/2026\/01\/optimized-image-3-150x107.jpg 150w, https:\/\/projekt.jdm-drive.pl\/wp-content\/uploads\/2026\/01\/optimized-image-3-200x142.jpg 200w, https:\/\/projekt.jdm-drive.pl\/wp-content\/uploads\/2026\/01\/optimized-image-3-450x321.jpg 450w, https:\/\/projekt.jdm-drive.pl\/wp-content\/uploads\/2026\/01\/optimized-image-3-600x427.jpg 600w\" sizes=\"(max-width: 664px) 100vw, 664px\" \/>\t\t\t\t\t\t\t\t\t\t\t\t\t\t\t<\/div>\n\t\t\t\t\t<\/div>\n\t\t<\/div>\n\t\t\t\t<div class=\"elementor-column elementor-col-50 elementor-top-column elementor-element elementor-element-385ecc2 rael-particle-no\" data-id=\"385ecc2\" data-element_type=\"column\">\n\t\t\t<div class=\"elementor-widget-wrap elementor-element-populated\">\n\t\t\t\t\t\t<div class=\"elementor-element elementor-element-10a7708 elementor-widget__width-auto elementor-widget elementor-widget-heading\" data-id=\"10a7708\" data-element_type=\"widget\" data-widget_type=\"heading.default\">\n\t\t\t\t\t<p class=\"elementor-heading-title elementor-size-default\">KIM JESTE\u015aMY?<\/p>\t\t\t\t<\/div>\n\t\t\t\t<div class=\"elementor-element elementor-element-bc90c64 rael-dual-header-content-align-left elementor-widget__width-initial elementor-widget elementor-widget-rael_dual_color_header\" data-id=\"bc90c64\" data-element_type=\"widget\" data-widget_type=\"rael_dual_color_header.default\">\n\t\t\t\t<div class=\"elementor-widget-container\">\n\t\t\t\t\t\n\t\t\n\t\t\n\t\t\n\t\t\n\t\t\t\t\t<div class=\"rael-dual-color-header\">\n\t\t\t\t\t\t\t\t<h2 class=\"title\">\n\t\t\t\t\t<span style=\"\" class=\"lead solid-color\">\n\t\t\t\t\t\tZ trosk\u0105 <br>\t\t\t\t\t<\/span>\n\t\t\t\t\t<span>O twoje ro\u015bliny<\/span>\n\t\t\t\t<\/h2>\n\t\t\t\t\t\t\t\t<span class=\"subtext\"><\/span>\n\t\t\t\t\t\t\t<\/div>\n\t\t\n\n\t\t\t\t\t\t<\/div>\n\t\t\t\t<\/div>\n\t\t\t\t<div class=\"elementor-element elementor-element-cf64624 elementor-widget elementor-widget-text-editor\" data-id=\"cf64624\" data-element_type=\"widget\" data-widget_type=\"text-editor.default\">\n\t\t\t\t\t\t\t\t\t<p>Ka\u017cdego dnia dbamy o w\u0142a\u015bciwe warunki, regularn\u0105 piel\u0119gnacj\u0119 i zdrowie powierzonych nam ro\u015blin. Pracujemy w oparciu o wiedz\u0119 i do\u015bwiadczenie, dostosowuj\u0105c opiek\u0119 do potrzeb konkretnych gatunk\u00f3w. Dzi\u0119ki temu zapewniamy ro\u015blinom bezpieczne miejsce pobytu, a w\u0142a\u015bcicielom spok\u00f3j podczas wyjazd\u00f3w.<\/p>\t\t\t\t\t\t\t\t<\/div>\n\t\t\t\t\t<\/div>\n\t\t<\/div>\n\t\t\t\t\t<\/div>\n\t\t<\/section>\n\t\t\t\t<section class=\"elementor-section elementor-top-section elementor-element elementor-element-9b44bb1 elementor-section-boxed elementor-section-height-default elementor-section-height-default rael-particle-no\" data-id=\"9b44bb1\" data-element_type=\"section\">\n\t\t\t\t\t\t<div class=\"elementor-container elementor-column-gap-default\">\n\t\t\t\t\t<div class=\"elementor-column elementor-col-100 elementor-top-column elementor-element elementor-element-5d63509 rael-particle-no\" data-id=\"5d63509\" data-element_type=\"column\">\n\t\t\t<div class=\"elementor-widget-wrap elementor-element-populated\">\n\t\t\t\t\t\t<div class=\"elementor-element elementor-element-5a66b00 rael-dual-header-content-align-center elementor-widget elementor-widget-rael_dual_color_header\" data-id=\"5a66b00\" data-element_type=\"widget\" data-widget_type=\"rael_dual_color_header.default\">\n\t\t\t\t<div class=\"elementor-widget-container\">\n\t\t\t\t\t\n\t\t\n\t\t\n\t\t\n\t\t\n\t\t\t\t\t<div class=\"rael-dual-color-header\">\n\t\t\t\t\t\t\t\t<h2 class=\"title\">\n\t\t\t\t\t<span style=\"\" class=\"lead solid-color\">\n\t\t\t\t\t\tPowody<br>\t\t\t\t\t<\/span>\n\t\t\t\t\t<span>Dla kt\u00f3rych nas wybrano<\/span>\n\t\t\t\t<\/h2>\n\t\t\t\t\t\t\t\t<span class=\"subtext\"><\/span>\n\t\t\t\t\t\t\t<\/div>\n\t\t\n\n\t\t\t\t\t\t<\/div>\n\t\t\t\t<\/div>\n\t\t\t\t<section class=\"elementor-section elementor-inner-section elementor-element elementor-element-f628975 elementor-section-full_width elementor-section-height-default elementor-section-height-default rael-particle-no\" data-id=\"f628975\" data-element_type=\"section\">\n\t\t\t\t\t\t<div class=\"elementor-container elementor-column-gap-default\">\n\t\t\t\t\t<div class=\"elementor-column elementor-col-33 elementor-inner-column elementor-element elementor-element-d55cf4f rael-particle-no\" data-id=\"d55cf4f\" data-element_type=\"column\" data-settings=\"{&quot;background_background&quot;:&quot;classic&quot;}\">\n\t\t\t<div class=\"elementor-widget-wrap elementor-element-populated\">\n\t\t\t\t\t\t<div class=\"elementor-element elementor-element-e4dc0f8 elementor-widget elementor-widget-heading\" data-id=\"e4dc0f8\" data-element_type=\"widget\" data-widget_type=\"heading.default\">\n\t\t\t\t\t<p class=\"elementor-heading-title elementor-size-default\">01<\/p>\t\t\t\t<\/div>\n\t\t\t\t<div class=\"elementor-element elementor-element-85fc3b6 elementor-widget__width-inherit elementor-vertical-align-top elementor-widget elementor-widget-image-box\" data-id=\"85fc3b6\" data-element_type=\"widget\" data-widget_type=\"image-box.default\">\n\t\t\t\t\t<div class=\"elementor-image-box-wrapper\"><div class=\"elementor-image-box-content\"><h3 class=\"elementor-image-box-title\"> Wiedza i do\u015bwiadczenie<\/h3><p class=\"elementor-image-box-description\">Dzi\u0119ki wieloletniemu do\u015bwiadczeniu w pracy z ro\u015blinami nasz zesp\u00f3\u0142 \u0142\u0105czy fachow\u0105 wiedz\u0119 z uwa\u017cn\u0105, codzienn\u0105 piel\u0119gnacj\u0105, zapewniaj\u0105c ro\u015blinom najlepsze warunki i doskona\u0142\u0105 kondycj\u0119 podczas pobytu w Urban Jungle.<\/p><\/div><\/div>\t\t\t\t<\/div>\n\t\t\t\t\t<\/div>\n\t\t<\/div>\n\t\t\t\t<div class=\"elementor-column elementor-col-33 elementor-inner-column elementor-element elementor-element-87db73c rael-particle-no\" data-id=\"87db73c\" data-element_type=\"column\" data-settings=\"{&quot;background_background&quot;:&quot;classic&quot;}\">\n\t\t\t<div class=\"elementor-widget-wrap elementor-element-populated\">\n\t\t\t\t\t\t<div class=\"elementor-element elementor-element-a50bad4 elementor-widget elementor-widget-heading\" data-id=\"a50bad4\" data-element_type=\"widget\" data-widget_type=\"heading.default\">\n\t\t\t\t\t<p class=\"elementor-heading-title elementor-size-default\">02<\/p>\t\t\t\t<\/div>\n\t\t\t\t<div class=\"elementor-element elementor-element-e726d98 elementor-widget__width-inherit elementor-vertical-align-top elementor-widget elementor-widget-image-box\" data-id=\"e726d98\" data-element_type=\"widget\" data-widget_type=\"image-box.default\">\n\t\t\t\t\t<div class=\"elementor-image-box-wrapper\"><div class=\"elementor-image-box-content\"><h3 class=\"elementor-image-box-title\">Indywidualne podej\u015bcie<\/h3><p class=\"elementor-image-box-description\">Oferujemy indywidualnie dopasowan\u0105 opiek\u0119 nad ro\u015blinami, kt\u00f3ra odpowiada ich wymaganiom i Twoim oczekiwaniom.<\/p><\/div><\/div>\t\t\t\t<\/div>\n\t\t\t\t\t<\/div>\n\t\t<\/div>\n\t\t\t\t<div class=\"elementor-column elementor-col-33 elementor-inner-column elementor-element elementor-element-6b831ae rael-particle-no\" data-id=\"6b831ae\" data-element_type=\"column\" data-settings=\"{&quot;background_background&quot;:&quot;classic&quot;}\">\n\t\t\t<div class=\"elementor-widget-wrap elementor-element-populated\">\n\t\t\t\t\t\t<div class=\"elementor-element elementor-element-487b331 elementor-widget elementor-widget-heading\" data-id=\"487b331\" data-element_type=\"widget\" data-widget_type=\"heading.default\">\n\t\t\t\t\t<p class=\"elementor-heading-title elementor-size-default\">03<\/p>\t\t\t\t<\/div>\n\t\t\t\t<div class=\"elementor-element elementor-element-c5a13fc elementor-widget__width-inherit elementor-vertical-align-top elementor-widget elementor-widget-image-box\" data-id=\"c5a13fc\" data-element_type=\"widget\" data-widget_type=\"image-box.default\">\n\t\t\t\t\t<div class=\"elementor-image-box-wrapper\"><div class=\"elementor-image-box-content\"><h3 class=\"elementor-image-box-title\">Sta\u0142y kontakt<\/h3><p class=\"elementor-image-box-description\">Pozostajemy w kontakcie z klientami przez ca\u0142y czas pobytu ro\u015blin, informuj\u0105c o ich stanie i reaguj\u0105c na bie\u017c\u0105co na potrzeby. Dzi\u0119ki temu masz pe\u0142n\u0105 kontrol\u0119 i pewno\u015b\u0107, \u017ce Twoje ro\u015bliny s\u0105 pod dobr\u0105 opiek\u0105.<\/p><\/div><\/div>\t\t\t\t<\/div>\n\t\t\t\t\t<\/div>\n\t\t<\/div>\n\t\t\t\t\t<\/div>\n\t\t<\/section>\n\t\t\t\t<section class=\"elementor-section elementor-inner-section elementor-element elementor-element-f099d59 elementor-section-full_width elementor-section-height-default elementor-section-height-default rael-particle-no\" data-id=\"f099d59\" data-element_type=\"section\">\n\t\t\t\t\t\t<div class=\"elementor-container elementor-column-gap-default\">\n\t\t\t\t\t<div class=\"elementor-column elementor-col-33 elementor-inner-column elementor-element elementor-element-1f7ea43 rael-particle-no\" data-id=\"1f7ea43\" data-element_type=\"column\" data-settings=\"{&quot;background_background&quot;:&quot;classic&quot;}\">\n\t\t\t<div class=\"elementor-widget-wrap elementor-element-populated\">\n\t\t\t\t\t\t<div class=\"elementor-element elementor-element-f9ab3a2 elementor-widget elementor-widget-heading\" data-id=\"f9ab3a2\" data-element_type=\"widget\" data-widget_type=\"heading.default\">\n\t\t\t\t\t<p class=\"elementor-heading-title elementor-size-default\">04<\/p>\t\t\t\t<\/div>\n\t\t\t\t<div class=\"elementor-element elementor-element-c95fbe5 elementor-widget__width-inherit elementor-vertical-align-top elementor-widget elementor-widget-image-box\" data-id=\"c95fbe5\" data-element_type=\"widget\" data-widget_type=\"image-box.default\">\n\t\t\t\t\t<div class=\"elementor-image-box-wrapper\"><div class=\"elementor-image-box-content\"><h3 class=\"elementor-image-box-title\">Najwy\u017csza jako\u015b\u0107<\/h3><p class=\"elementor-image-box-description\">Korzystamy z najlepszych produkt\u00f3w i fachowej wiedzy, aby zapewni\u0107 ro\u015blinom trwa\u0142e, bezpieczne warunki oraz profesjonaln\u0105 piel\u0119gnacj\u0119, kt\u00f3ra pozwala im zachowa\u0107 zdrowie i pi\u0119kny wygl\u0105d na d\u0142ugo.<\/p><\/div><\/div>\t\t\t\t<\/div>\n\t\t\t\t\t<\/div>\n\t\t<\/div>\n\t\t\t\t<div class=\"elementor-column elementor-col-33 elementor-inner-column elementor-element elementor-element-0c9b0a7 rael-particle-no\" data-id=\"0c9b0a7\" data-element_type=\"column\" data-settings=\"{&quot;background_background&quot;:&quot;classic&quot;}\">\n\t\t\t<div class=\"elementor-widget-wrap elementor-element-populated\">\n\t\t\t\t\t\t<div class=\"elementor-element elementor-element-7b66c37 elementor-widget elementor-widget-heading\" data-id=\"7b66c37\" data-element_type=\"widget\" data-widget_type=\"heading.default\">\n\t\t\t\t\t<p class=\"elementor-heading-title elementor-size-default\">05<\/p>\t\t\t\t<\/div>\n\t\t\t\t<div class=\"elementor-element elementor-element-79c8d01 elementor-widget__width-inherit elementor-vertical-align-top elementor-widget elementor-widget-image-box\" data-id=\"79c8d01\" data-element_type=\"widget\" data-widget_type=\"image-box.default\">\n\t\t\t\t\t<div class=\"elementor-image-box-wrapper\"><div class=\"elementor-image-box-content\"><h3 class=\"elementor-image-box-title\">Ekologiczne rozwi\u0105zania<\/h3><p class=\"elementor-image-box-description\">Stosujemy zr\u00f3wnowa\u017cone metody opieki nad ro\u015blinami, ograniczaj\u0105c zu\u017cycie zasob\u00f3w i dbaj\u0105c o \u015brodowisko naturalne. Wpieramy  zielone i \u015bwiadome podej\u015bcie do piel\u0119gnacji ro\u015blin.<\/p><\/div><\/div>\t\t\t\t<\/div>\n\t\t\t\t\t<\/div>\n\t\t<\/div>\n\t\t\t\t<div class=\"elementor-column elementor-col-33 elementor-inner-column elementor-element elementor-element-bce2357 rael-particle-no\" data-id=\"bce2357\" data-element_type=\"column\" data-settings=\"{&quot;background_background&quot;:&quot;classic&quot;}\">\n\t\t\t<div class=\"elementor-widget-wrap elementor-element-populated\">\n\t\t\t\t\t\t<div class=\"elementor-element elementor-element-f804b27 elementor-widget elementor-widget-heading\" data-id=\"f804b27\" data-element_type=\"widget\" data-widget_type=\"heading.default\">\n\t\t\t\t\t<p class=\"elementor-heading-title elementor-size-default\">06<\/p>\t\t\t\t<\/div>\n\t\t\t\t<div class=\"elementor-element elementor-element-ce71331 elementor-widget__width-inherit elementor-vertical-align-top elementor-widget elementor-widget-image-box\" data-id=\"ce71331\" data-element_type=\"widget\" data-widget_type=\"image-box.default\">\n\t\t\t\t\t<div class=\"elementor-image-box-wrapper\"><div class=\"elementor-image-box-content\"><h3 class=\"elementor-image-box-title\">Satysfakcja z wizyty<\/h3><p class=\"elementor-image-box-description\">Dbamy o najwy\u017csz\u0105 jako\u015b\u0107 i pe\u0142ne zadowolenie klient\u00f3w, zapewniaj\u0105c zdrowe ro\u015bliny i spok\u00f3j na czas wyjazdu.<\/p><\/div><\/div>\t\t\t\t<\/div>\n\t\t\t\t\t<\/div>\n\t\t<\/div>\n\t\t\t\t\t<\/div>\n\t\t<\/section>\n\t\t\t\t\t<\/div>\n\t\t<\/div>\n\t\t\t\t\t<\/div>\n\t\t<\/section>\n\t\t\t\t<\/div>\n\t\t","protected":false},"excerpt":{"rendered":"<p>O nas Hotel dla ro\u015blin, kt\u00f3ry powsta\u0142 z pasji. Nasza Historia Poniewa\u017c Miejska D\u017cungla nam nie straszna Urban Jungle to hotel dla ro\u015blin, kt\u00f3ry powsta\u0142 z pasji do zieleni i potrzeby zapewnienia ro\u015blinom bezpiecznej opieki podczas wyjazd\u00f3w w\u0142a\u015bcicieli. Zauwa\u017cyli\u015bmy, jak &hellip;<\/p>\n<p class=\"read-more\"> <a class=\"more-link\" href=\"https:\/\/projekt.jdm-drive.pl\/?page_id=1644\"> <span class=\"screen-reader-text\">O nas<\/span> Czytaj wi\u0119cej  &raquo;<\/a><\/p>\n","protected":false},"author":1,"featured_media":0,"parent":0,"menu_order":0,"comment_status":"closed","ping_status":"closed","template":"elementor_header_footer","meta":{"footnotes":""},"class_list":["post-1644","page","type-page","status-publish","hentry"],"featured_image_src":"","featured_image_src_square":false,"rbea_author_info":{"display_name":"admin","author_link":"https:\/\/projekt.jdm-drive.pl\/?author=1"},"rbea_excerpt_info":"O nas Hotel dla ro\u015blin, kt\u00f3ry powsta\u0142 z pasji. Nasza Historia Poniewa\u017c Miejska D\u017cungla nam nie straszna Urban Jungle to hotel dla ro\u015blin, kt\u00f3ry powsta\u0142 z pasji do zieleni i potrzeby zapewnienia ro\u015blinom bezpiecznej opieki podczas wyjazd\u00f3w w\u0142a\u015bcicieli. Zauwa\u017cyli\u015bmy, jak &hellip;<p class=\"read-more\"> <a class=\"more-link\" href=\"https:\/\/projekt.jdm-drive.pl\/?page_id=1644\"> <span class=\"screen-reader-text\">O nas<\/span> Czytaj wi\u0119cej  &raquo;<\/a><\/p>","_links":{"self":[{"href":"https:\/\/projekt.jdm-drive.pl\/index.php?rest_route=\/wp\/v2\/pages\/1644","targetHints":{"allow":["GET"]}}],"collection":[{"href":"https:\/\/projekt.jdm-drive.pl\/index.php?rest_route=\/wp\/v2\/pages"}],"about":[{"href":"https:\/\/projekt.jdm-drive.pl\/index.php?rest_route=\/wp\/v2\/types\/page"}],"author":[{"embeddable":true,"href":"https:\/\/projekt.jdm-drive.pl\/index.php?rest_route=\/wp\/v2\/users\/1"}],"replies":[{"embeddable":true,"href":"https:\/\/projekt.jdm-drive.pl\/index.php?rest_route=%2Fwp%2Fv2%2Fcomments&post=1644"}],"version-history":[{"count":11,"href":"https:\/\/projekt.jdm-drive.pl\/index.php?rest_route=\/wp\/v2\/pages\/1644\/revisions"}],"predecessor-version":[{"id":2520,"href":"https:\/\/projekt.jdm-drive.pl\/index.php?rest_route=\/wp\/v2\/pages\/1644\/revisions\/2520"}],"wp:attachment":[{"href":"https:\/\/projekt.jdm-drive.pl\/index.php?rest_route=%2Fwp%2Fv2%2Fmedia&parent=1644"}],"curies":[{"name":"wp","href":"https:\/\/api.w.org\/{rel}","templated":true}]}}